{"id":3577,"date":"2024-11-08T11:34:00","date_gmt":"2024-11-08T10:34:00","guid":{"rendered":"https:\/\/www.everad-adhesives.com\/pl\/?page_id=3577"},"modified":"2024-11-19T11:43:37","modified_gmt":"2024-11-19T10:43:37","slug":"zrownowazony-rozwoj","status":"publish","type":"page","link":"https:\/\/www.everad-adhesives.com\/pl\/zrownowazony-rozwoj\/","title":{"rendered":"ZR\u00d3WNOWA\u017bONY ROZW\u00d3J"},"content":{"rendered":"","protected":false},"excerpt":{"rendered":"","protected":false},"author":4,"featured_media":2170,"parent":0,"menu_order":0,"comment_status":"closed","ping_status":"closed","template":"","meta":{"_acf_changed":false,"footnotes":""},"class_list":["post-3577","page","type-page","status-publish","has-post-thumbnail","hentry"],"acf":[],"_links":{"self":[{"href":"https:\/\/www.everad-adhesives.com\/pl\/wp-json\/wp\/v2\/pages\/3577","targetHints":{"allow":["GET"]}}],"collection":[{"href":"https:\/\/www.everad-adhesives.com\/pl\/wp-json\/wp\/v2\/pages"}],"about":[{"href":"https:\/\/www.everad-adhesives.com\/pl\/wp-json\/wp\/v2\/types\/page"}],"author":[{"embeddable":true,"href":"https:\/\/www.everad-adhesives.com\/pl\/wp-json\/wp\/v2\/users\/4"}],"replies":[{"embeddable":true,"href":"https:\/\/www.everad-adhesives.com\/pl\/wp-json\/wp\/v2\/comments?post=3577"}],"version-history":[{"count":16,"href":"https:\/\/www.everad-adhesives.com\/pl\/wp-json\/wp\/v2\/pages\/3577\/revisions"}],"predecessor-version":[{"id":3614,"href":"https:\/\/www.everad-adhesives.com\/pl\/wp-json\/wp\/v2\/pages\/3577\/revisions\/3614"}],"wp:featuredmedia":[{"embeddable":true,"href":"https:\/\/www.everad-adhesives.com\/pl\/wp-json\/wp\/v2\/media\/2170"}],"wp:attachment":[{"href":"https:\/\/www.everad-adhesives.com\/pl\/wp-json\/wp\/v2\/media?parent=3577"}],"curies":[{"name":"wp","href":"https:\/\/api.w.org\/{rel}","templated":true}]}}