{"id":450,"date":"2016-08-23T14:50:32","date_gmt":"2016-08-23T12:50:32","guid":{"rendered":"http:\/\/www.everad-adhesives.com\/?page_id=450"},"modified":"2023-03-09T16:18:04","modified_gmt":"2023-03-09T15:18:04","slug":"rodzaje-klejow-ogolna-charakterystyka-naszych-klejow","status":"publish","type":"page","link":"https:\/\/www.everad-adhesives.com\/pl\/rodzaje-klejow-ogolna-charakterystyka-naszych-klejow\/","title":{"rendered":"Rodzaje Klej\u00f3w: Og\u00f3lna Charakterystyka Naszych Klej\u00f3w"},"content":{"rendered":"","protected":false},"excerpt":{"rendered":"","protected":false},"author":1,"featured_media":670,"parent":0,"menu_order":0,"comment_status":"closed","ping_status":"closed","template":"views\/tpl-types-colles.php","meta":{"_acf_changed":false,"footnotes":""},"class_list":["post-450","page","type-page","status-publish","has-post-thumbnail","hentry"],"acf":[],"_links":{"self":[{"href":"https:\/\/www.everad-adhesives.com\/pl\/wp-json\/wp\/v2\/pages\/450","targetHints":{"allow":["GET"]}}],"collection":[{"href":"https:\/\/www.everad-adhesives.com\/pl\/wp-json\/wp\/v2\/pages"}],"about":[{"href":"https:\/\/www.everad-adhesives.com\/pl\/wp-json\/wp\/v2\/types\/page"}],"author":[{"embeddable":true,"href":"https:\/\/www.everad-adhesives.com\/pl\/wp-json\/wp\/v2\/users\/1"}],"replies":[{"embeddable":true,"href":"https:\/\/www.everad-adhesives.com\/pl\/wp-json\/wp\/v2\/comments?post=450"}],"version-history":[{"count":13,"href":"https:\/\/www.everad-adhesives.com\/pl\/wp-json\/wp\/v2\/pages\/450\/revisions"}],"predecessor-version":[{"id":3416,"href":"https:\/\/www.everad-adhesives.com\/pl\/wp-json\/wp\/v2\/pages\/450\/revisions\/3416"}],"wp:featuredmedia":[{"embeddable":true,"href":"https:\/\/www.everad-adhesives.com\/pl\/wp-json\/wp\/v2\/media\/670"}],"wp:attachment":[{"href":"https:\/\/www.everad-adhesives.com\/pl\/wp-json\/wp\/v2\/media?parent=450"}],"curies":[{"name":"wp","href":"https:\/\/api.w.org\/{rel}","templated":true}]}}